{"id":288,"date":"2025-06-11T11:58:22","date_gmt":"2025-06-11T11:58:22","guid":{"rendered":"https:\/\/danceart.si\/?page_id=288"},"modified":"2025-07-02T17:58:42","modified_gmt":"2025-07-02T17:58:42","slug":"o-mitji-popovskem","status":"publish","type":"page","link":"https:\/\/danceart.si\/?page_id=288","title":{"rendered":"O Mitji Popovskem"},"content":{"rendered":"\n<div class=\"wp-block-columns is-layout-flex wp-container-core-columns-is-layout-28f84493 wp-block-columns-is-layout-flex\">\n<div class=\"wp-block-column is-layout-flow wp-block-column-is-layout-flow\">\n<figure class=\"wp-block-image size-large\"><img loading=\"lazy\" decoding=\"async\" width=\"1024\" height=\"683\" src=\"https:\/\/danceart.si\/wp-content\/uploads\/2025\/06\/DSC05059-t_p-1024x683.jpeg\" alt=\"\" class=\"wp-image-311\" srcset=\"https:\/\/danceart.si\/wp-content\/uploads\/2025\/06\/DSC05059-t_p-1024x683.jpeg 1024w, https:\/\/danceart.si\/wp-content\/uploads\/2025\/06\/DSC05059-t_p-300x200.jpeg 300w, https:\/\/danceart.si\/wp-content\/uploads\/2025\/06\/DSC05059-t_p-2000x1333.jpeg 2000w\" sizes=\"auto, (max-width: 1024px) 100vw, 1024px\" \/><\/figure>\n\n\n\n<p>Foto:<a href=\"https:\/\/albertpodrekar2013.wixsite.com\/photography\">Albert Podrekar<\/a><\/p>\n\n\n\n<p><\/p>\n<\/div>\n\n\n\n<div class=\"wp-block-column is-layout-flow wp-block-column-is-layout-flow\">\n<p><strong>Mitja Popovski<\/strong><br>Koreograf | Plesni pedagog | Mednarodni sodnik<\/p>\n\n\n\n<p>Mitja Popovski je izjemno uspe\u0161en in vsestranski koreograf. Njegove \u017eivljenske izku\u0161nje so se oblikovale skozi bogato plesno in koreografsko kariero.\u00a0Svoj koreografski jezik najde v\u00a0 razli\u010dnih plesnih stilih. Pri ustvarjanju se dr\u017ei na\u010dela osebnega pristopa in neuniformnosti.\u00a0 Izpostavlja predvsem \u010dustveno plat telesnaga izra\u017eanja, ritma in tudi pavze. Pomebna mu je glasba kot izrazna mo\u010d v podpori giba.\u00a0<\/p>\n\n\n\n<p>Glavni pomen daje vzgoji mladega plesalca kot celovite osebnosti, s poudarkom na krepitvi samozavesti, ki mu bo pomagala skozi \u017eivljenske izzive.<\/p>\n<\/div>\n<\/div>\n\n\n\n<hr class=\"wp-block-separator has-alpha-channel-opacity\"\/>\n\n\n\n<div class=\"wp-block-columns is-layout-flex wp-container-core-columns-is-layout-28f84493 wp-block-columns-is-layout-flex\">\n<div class=\"wp-block-column is-layout-flow wp-block-column-is-layout-flow\">\n<p><strong>Klju\u010dni Dose\u017eki<\/strong><\/p>\n\n\n\n<ul class=\"wp-block-list\">\n<li><strong>Naj Koreograf Plesne Zveze Slovenije<\/strong>&nbsp;za obdobje zadnjih 15 let<\/li>\n\n\n\n<li>Progla\u0161en za\u00a0<strong>IDO (International Dance Organization) Koreografa leta 2008<\/strong><\/li>\n\n\n\n<li>Ve\u010dkratni&nbsp;<strong>svetovni prvak<\/strong>&nbsp;kot koreograf in plesalec v modernih, show, jazz in step formacijah, skupinah, duetih in solih s&nbsp;<strong>Kazina Dance Company, Ljubljana, Slovenija, Viva Dance, Srbija, Reprezentanca Ju\u017ene Afrike, Norve\u0161ke, Step by Step Hrva\u0161ka,&nbsp;<\/strong><\/li>\n\n\n\n<li>Koreograf&nbsp;<strong>ju\u017enoafri\u0161ke nacionalne plesne reprezentance (2011\u20132025)<\/strong>, ki je v tem obdobju osvojila \u0161tevilne naslove svetovnih prvakov<\/li>\n\n\n\n<li>Mednarodni sodnik pri&nbsp;<strong>IDO<\/strong>, \u010dlan odborov za moderni ples, jazz, show dance in step<\/li>\n\n\n\n<li><strong>Predsednik&nbsp;<u>Sodni\u0161ke<\/u>&nbsp;komisije<\/strong>&nbsp;za Moderne tekmovalne plese pri&nbsp;<strong>ZPSS( Zveza plesnih sodnikov Slovenije)<\/strong><\/li>\n\n\n\n<li>Zadnjih 10 let&nbsp;<strong>predsednik odbora za moderni in sodobni ples pri IDO<\/strong><\/li>\n<\/ul>\n<\/div>\n\n\n\n<div class=\"wp-block-column is-layout-flow wp-block-column-is-layout-flow\">\n<figure class=\"wp-block-image size-large\"><img loading=\"lazy\" decoding=\"async\" width=\"1024\" height=\"683\" src=\"https:\/\/danceart.si\/wp-content\/uploads\/2025\/06\/DSC05010-t_p-1024x683.jpg\" alt=\"\" class=\"wp-image-312\" srcset=\"https:\/\/danceart.si\/wp-content\/uploads\/2025\/06\/DSC05010-t_p-1024x683.jpg 1024w, https:\/\/danceart.si\/wp-content\/uploads\/2025\/06\/DSC05010-t_p-300x200.jpg 300w, https:\/\/danceart.si\/wp-content\/uploads\/2025\/06\/DSC05010-t_p-2000x1333.jpg 2000w\" sizes=\"auto, (max-width: 1024px) 100vw, 1024px\" \/><\/figure>\n\n\n\n<p>Foto:<a href=\"https:\/\/albertpodrekar2013.wixsite.com\/photography\">Albert Podrekar<\/a><\/p>\n<\/div>\n<\/div>\n\n\n\n<div class=\"wp-block-columns is-layout-flex wp-container-core-columns-is-layout-28f84493 wp-block-columns-is-layout-flex\">\n<div class=\"wp-block-column is-layout-flow wp-block-column-is-layout-flow\">\n<figure class=\"wp-block-image size-large is-resized\"><img loading=\"lazy\" decoding=\"async\" width=\"1024\" height=\"683\" src=\"https:\/\/danceart.si\/wp-content\/uploads\/2025\/06\/DSC05250-t-2_p-1024x683.jpg\" alt=\"\" class=\"wp-image-313\" style=\"width:1140px;height:auto\" srcset=\"https:\/\/danceart.si\/wp-content\/uploads\/2025\/06\/DSC05250-t-2_p-1024x683.jpg 1024w, https:\/\/danceart.si\/wp-content\/uploads\/2025\/06\/DSC05250-t-2_p-300x200.jpg 300w, https:\/\/danceart.si\/wp-content\/uploads\/2025\/06\/DSC05250-t-2_p-2000x1333.jpg 2000w\" sizes=\"auto, (max-width: 1024px) 100vw, 1024px\" \/><\/figure>\n<\/div>\n<\/div>\n\n\n\n<p>Foto:<a href=\"https:\/\/albertpodrekar2013.wixsite.com\/photography\">Albert Podrekar<\/a><\/p>\n\n\n\n<p><strong>Izku\u0161nje s Koreografijo in Pou\u010devanjem<\/strong><\/p>\n\n\n\n<ul class=\"wp-block-list\">\n<li><strong>Oder in gledali\u0161\u010de:<\/strong>\n<ul class=\"wp-block-list\">\n<li><em>The Station<\/em>\u00a0\u2013 Ve\u010derna sodobna plesna predstava s Kazina Dance Company<\/li>\n\n\n\n<li><em>TESLA<\/em>\u00a0\u2013 Koreografija za priznanenaga re\u017eiserja <strong>Toma\u017ea Pandurja<\/strong> in njegovo gledali\u0161\u010de <strong>Pandur Theatres<\/strong><\/li>\n\n\n\n<li><em>Waterman<\/em> (Povodni mo\u017e)\u00a0\u2013 Re\u017eija in koreografija za mesto Ljubljana, Slovenija<\/li>\n\n\n\n<li>SloAfrica &#8211; Sodelovanje naj Slovenskih in Ju\u017enoafri\u0161kih plesalcev v dveh celove\u010dernih predstavah V Ljubljani( Cankarjev Dom, \u0160panski borci) in Ju\u017eno afri\u0161ki Republiki( Johannesburg Theatre)<\/li>\n<\/ul>\n<\/li>\n\n\n\n<li><strong>Televizija in glasbena industrija:<\/strong>\n<ul class=\"wp-block-list\">\n<li>Redni koreograf za&nbsp;<strong>Slovensko nacionalno televizijo<\/strong><\/li>\n\n\n\n<li>Koreograf za\u00a0slovenskega predstavnika na treh <strong>Evrovizijskih plesnih tekmovanji<\/strong>h\u00a0(slovenski predstavniki v letih 2003, 2011, 2013)<\/li>\n\n\n\n<li>Sodelovanje z najve\u010djimi slovenskimi pevci v produkcijah z nacionalno televizijo <strong>RTV<\/strong> in Kazina Dance Company<\/li>\n\n\n\n<li>Koreograf videospota za&nbsp;<strong>New Order<\/strong>&nbsp;(britanska glasbena skupina)<\/li>\n<\/ul>\n<\/li>\n\n\n\n<li><strong>Kazina in zabavne predstave:<\/strong>\n<ul class=\"wp-block-list\">\n<li>Redni koreograf za\u00a0<strong>Perla Casino<\/strong>, najve\u010djo evropsko igralnico, v sodelovanju s <strong>Kazina Dance Company<\/strong><\/li>\n\n\n\n<li>Redni koreograf za&nbsp;<strong>Lutkovno gledali\u0161\u010de Ljubljana<\/strong><\/li>\n<\/ul>\n<\/li>\n\n\n\n<li><strong>Mednarodno pou\u010devanje in mojstrski te\u010daji:<\/strong>\n<ul class=\"wp-block-list\">\n<li>Mojstrski te\u010daji in koreografije v\u00a0<strong>Hrva\u0161ki, na Norve\u0161kem, na Finskem, na Poljskem, v Srbiji, Rusiji, \u010ce\u0161ki, Ju\u017eni Afriki, Nem\u010diji, Italiji, Belorusiji, Estoniji, Avstriji<\/strong>, <strong>Belgiji<\/strong><\/li>\n\n\n\n<li>Ve\u010d kot 15 let&nbsp;<strong>predavatelj pri ZPVUTS( Zveza Plesnih U\u010diteljev in Vaditeljev Slovenije)<\/strong>&nbsp;in pri&nbsp;<strong>Plesni zvezi Slovenije&nbsp;( v sodelovanju s Fakulteto za \u0161port)&nbsp;<\/strong>za pridobitev naziva \u201cstrokovni delavec v \u0161portu\u201d<\/li>\n<\/ul>\n<\/li>\n<\/ul>\n","protected":false},"excerpt":{"rendered":"<p>Foto:Albert Podrekar Mitja PopovskiKoreograf | Plesni pedagog | Mednarodni sodnik Mitja Popovski je izjemno uspe\u0161en in vsestranski koreograf. Njegove \u017eivljenske izku\u0161nje so se oblikovale skozi bogato plesno in koreografsko kariero.\u00a0Svoj koreografski jezik najde v\u00a0 razli\u010dnih plesnih stilih. Pri ustvarjanju se dr\u017ei na\u010dela osebnega pristopa in neuniformnosti.\u00a0 Izpostavlja predvsem \u010dustveno plat telesnaga izra\u017eanja, ritma in tudi &hellip; <\/p>\n<p class=\"link-more\"><a href=\"https:\/\/danceart.si\/?page_id=288\" class=\"more-link\">Read more<span class=\"screen-reader-text\"> &#8220;O Mitji Popovskem&#8221;<\/span><\/a><\/p>\n","protected":false},"author":1,"featured_media":0,"parent":0,"menu_order":0,"comment_status":"closed","ping_status":"closed","template":"","meta":{"pagelayer_contact_templates":[],"_pagelayer_content":"","slim_seo":{"title":"O Mitji Popovskem - DanceArt.Si","description":"Foto: Albert Podrekar Mitja Popovski Koreograf | Plesni pedagog | Mednarodni sodnik Mitja Popovski je izjemno uspe\u0161en in vsestranski koreograf. Njegove \u017eivljens"},"inspiro_hide_title":false,"footnotes":""},"class_list":["post-288","page","type-page","status-publish","hentry"],"_links":{"self":[{"href":"https:\/\/danceart.si\/index.php?rest_route=\/wp\/v2\/pages\/288","targetHints":{"allow":["GET"]}}],"collection":[{"href":"https:\/\/danceart.si\/index.php?rest_route=\/wp\/v2\/pages"}],"about":[{"href":"https:\/\/danceart.si\/index.php?rest_route=\/wp\/v2\/types\/page"}],"author":[{"embeddable":true,"href":"https:\/\/danceart.si\/index.php?rest_route=\/wp\/v2\/users\/1"}],"replies":[{"embeddable":true,"href":"https:\/\/danceart.si\/index.php?rest_route=%2Fwp%2Fv2%2Fcomments&post=288"}],"version-history":[{"count":12,"href":"https:\/\/danceart.si\/index.php?rest_route=\/wp\/v2\/pages\/288\/revisions"}],"predecessor-version":[{"id":420,"href":"https:\/\/danceart.si\/index.php?rest_route=\/wp\/v2\/pages\/288\/revisions\/420"}],"wp:attachment":[{"href":"https:\/\/danceart.si\/index.php?rest_route=%2Fwp%2Fv2%2Fmedia&parent=288"}],"curies":[{"name":"wp","href":"https:\/\/api.w.org\/{rel}","templated":true}]}}